{"id":100605,"date":"2023-07-20T15:53:53","date_gmt":"2023-07-20T13:53:53","guid":{"rendered":"https:\/\/roccolobertazzi.it\/?page_id=100605"},"modified":"2023-07-20T16:24:34","modified_gmt":"2023-07-20T14:24:34","slug":"residences-and-refunds","status":"publish","type":"page","link":"https:\/\/www.roccolobertazzi.it\/en\/resi-e-rimborsi\/","title":{"rendered":"Returns and refunds"},"content":{"rendered":"<p>[et_pb_section fb_built=&#8221;1&#8243; fullwidth=&#8221;on&#8221; _builder_version=&#8221;4.16&#8243; _module_preset=&#8221;default&#8221; locked=&#8221;off&#8221; global_colors_info=&#8221;{}&#8221;][et_pb_fullwidth_header title=&#8221;@ET-DC@eyJkeW5hbWljIjp0cnVlLCJjb250ZW50IjoicG9zdF90aXRsZSIsInNldHRpbmdzIjp7ImJlZm9yZSI6IiIsImFmdGVyIjoiIn19@&#8221; subhead=&#8221;Garantisce Andrea Bertazzi&#8221; subhead_tablet=&#8221;Garantisce Andrea Bertazzi&#8221; subhead_phone=&#8221;Garantisce Andrea Bertazzi&#8221; subhead_last_edited=&#8221;on|phone&#8221; _builder_version=&#8221;4.20.4&#8243; _dynamic_attributes=&#8221;title&#8221; _module_preset=&#8221;default&#8221; title_font=&#8221;||||||||&#8221; title_font_size=&#8221;50px&#8221; title_line_height=&#8221;1.2em&#8221; subhead_text_align=&#8221;left&#8221; background_enable_color=&#8221;off&#8221; background_color_gradient_start=&#8221;rgba(0,0,0,0.2)&#8221; background_color_gradient_end=&#8221;rgba(0,0,0,0.2)&#8221; background_image=&#8221;https:\/\/roccolobertazzi.it\/wp-content\/uploads\/2023\/04\/andreaquadrato_500.webp&#8221; background_size=&#8221;contain&#8221; background_position=&#8221;top_right&#8221; background_layout=&#8221;light&#8221; custom_padding=&#8221;8%||8%||true|false&#8221; custom_padding_tablet=&#8221;8%||8%||true|false&#8221; custom_padding_phone=&#8221;||||true|false&#8221; custom_padding_last_edited=&#8221;on|phone&#8221; title_font_size_tablet=&#8221;40px&#8221; title_font_size_phone=&#8221;25px&#8221; title_font_size_last_edited=&#8221;on|phone&#8221; subhead_font_size_tablet=&#8221;&#8221; subhead_font_size_phone=&#8221;11px&#8221; subhead_font_size_last_edited=&#8221;on|phone&#8221; global_colors_info=&#8221;{}&#8221;][\/et_pb_fullwidth_header][\/et_pb_section][et_pb_section fb_built=&#8221;1&#8243; _builder_version=&#8221;4.16&#8243; _module_preset=&#8221;default&#8221; background_color=&#8221;#f7f7f7&#8243; custom_margin_tablet=&#8221;||||false|false&#8221; custom_margin_phone=&#8221;||||false|false&#8221; custom_margin_last_edited=&#8221;on|tablet&#8221; global_colors_info=&#8221;{}&#8221;][et_pb_row custom_padding_last_edited=&#8221;on|phone&#8221; _builder_version=&#8221;4.16&#8243; _module_preset=&#8221;default&#8221; background_enable_color=&#8221;off&#8221; custom_padding_tablet=&#8221;&#8221; custom_padding_phone=&#8221;0px||||false|false&#8221; locked=&#8221;off&#8221; global_colors_info=&#8221;{}&#8221;][et_pb_column type=&#8221;4_4&#8243; _builder_version=&#8221;4.16&#8243; _module_preset=&#8221;default&#8221; global_colors_info=&#8221;{}&#8221;][dipl_breadcrumb breadcrumb_layout=&#8221;layout2&#8243; separator_text=&#8221;\/&#8221; separator_color=&#8221;#767676&#8243; use_home_link_custom_text=&#8221;on&#8221; _builder_version=&#8221;4.16&#8243; _module_preset=&#8221;default&#8221; text_text_color=&#8221;#767676&#8243; global_colors_info=&#8221;{}&#8221;][\/dipl_breadcrumb][et_pb_text _builder_version=&#8221;4.21.0&#8243; _module_preset=&#8221;default&#8221; global_colors_info=&#8221;{}&#8221;]<\/p>\n<p>Conformemente alle disposizioni legali in vigore, il CLIENTE ha diritto di recedere dall\u2019acquisto senza alcuna penalit\u00e0 e senza specificarne il motivo, entro il termine di 14 giorni decorrenti dalla data di ricezione dei prodotti.<br \/>AZIENDA AGRICOLA IL ROCCOLO DI ANDREA BERTAZZI decide di ampliare suddetto termine da 14 a 30 gg., sar\u00e0 pertanto possibile per il CLIENTE recedere dal contratto di acquisto fino a 30 gg. successivi al giorno di ricezione dei prodotti acquistati on line. In caso di acquisti multipli effettuati dal CLIENTE con un solo ordine e consegnati separatamente, il termine di 30 gg. decorre dalla data di ricezione dell\u2019ultimo prodotto.<br \/>Il CLIENTE che intende esercitare il diritto di recesso dovr\u00e0 comunicarlo a AZIENDA AGRICOLA IL ROCCOLO DI ANDREA BERTAZZI tramite dichiarazione esplicita, che potr\u00e0 essere trasmessa a mezzo raccomandata a.r. o a mezzo p.e.c. all\u2019indirizzo legale@pec.mrsharris.it.<br \/>Il CLIENTE potr\u00e0 esercitare il diritto di recesso anche inviando una qualsiasi dichiarazione esplicita contenente la decisione di recedere dal contratto.<br \/>In caso di esercizio del diritto di recesso, il CLIENTE \u00e8 tenuto a restituire i beni entro 14 giorni dal giorno in cui ha comunicato a AZIENDA AGRICOLA IL ROCCOLO DI ANDREA BERTAZZI la propria volont\u00e0 di recedere dal contratto ai sensi dell\u2019art. 57 del D.lgs 206\/2005.<br \/>La merce dovr\u00e0 essere rispedita a AZIENDA AGRICOLA IL ROCCOLO DI ANDREA BERTAZZI, VIA ZANARDELLI 49, POLPENAZZE DEL GARDA &#8211; 25080 &#8211; (BS)<br \/>I costi diretti della restituzione dei prodotti sono a carico del CLIENTE.<br \/>La merce dovr\u00e0 essere restituita integra, nella confezione originale, con sigilli di garanzia integri (confezioni non aperte) e completa in tutte le sue parti (compresi imballo ed eventuale documentazione e dotazione accessoria: manuali, confezioni, cartellini ecc.) e completa della documentazione fiscale annessa. Fatta salva la facolt\u00e0 di verificare il rispetto di quanto sopra, AZIENDA AGRICOLA IL ROCCOLO DI ANDREA BERTAZZI provveder\u00e0 a rimborsare l\u2019importo dei prodotti oggetto del recesso entro un termine massimo di 14 giorni, al netto degli eventuali costi di ri-spedizione in caso di merce non rimborsabile (es. aperta o parzialmente utilizzata).<br \/>Come previsto dall\u2019art. 56 comma 3 del D.Lgs 206\/2005, modificato dal D.lgs 21\/2014, AZIENDA AGRICOLA IL ROCCOLO DI ANDREA BERTAZZI pu\u00f2 sospendere il rimborso fino al ricevimento dei beni oppure fino all\u2019avvenuuta dimostrazione da parte del CLIENTE di aver rispedito i beni a AZIENDA AGRICOLA IL ROCCOLO DI ANDREA BERTAZZI.<br \/>AZIENDA AGRICOLA IL ROCCOLO DI ANDREA BERTAZZI eseguir\u00e0 il rimborso utilizzando lo stesso mezzo di pagamento scelto dal CLIENTE in fase di acquisto. Nel caso di pagamento effettuato con bonifico, e qualora il CLIENTE intenda esercitare il proprio diritto di recesso, dovr\u00e0 fornire a AZIENDA AGRICOLA IL ROCCOLO DI ANDREA BERTAZZI, accedendo alla sezione contattaci, le coordinate bancarie: IBAN, SWIFT e BIC necessari all\u2019effettuazione del rimborso, da parte di AZIENDA AGRICOLA IL ROCCOLO DI ANDREA BERTAZZI.<br \/>In caso di recesso per l\u2019acquisto effettuato con carta regalo e buono fedelt\u00e0, l\u2019importo verr\u00e0 restituito al CLIENTE con un buono acquisto identificato con un codice promozionale che verr\u00e0 inviato all\u2019indirizzo di posta elettronica del CLIENTE oppure in caso di recesso esercitato presso un punto vendita, l\u2019importo verr\u00e0 restituito con buono di acquisto consegnato al CLIENTE.<br \/>Il buono di acquisto avr\u00e0 validit\u00e0 di anni 2 e potr\u00e0 essere utilizzato dal CLIENTE per i successivi acquisti in un\u2019unica soluzione.<\/p>\n<p>[\/et_pb_text][\/et_pb_column][\/et_pb_row][\/et_pb_section]<\/p>\n","protected":false},"excerpt":{"rendered":"<p><div class=\"et_pb_module dipl_breadcrumb dipl_breadcrumb_0\">\n\t\t\t\t\n\t\t\t\t\n\t\t\t\t\n\t\t\t\t\n\t\t\t\t\n\t\t\t\t\n\t\t\t\t<div class=\"et_pb_module_inner\">\n\t\t\t\t\t<div class=\"dipl-breadcrumb-wrapper layout2\">\n\t\t\t\t<ol class=\"dipl-breadcrumb-inner\" vocab=\"https:\/\/schema.org\/\" typeof=\"BreadcrumbList\">\n\t\t\t\t\t<li property=\"itemListElement\" typeof=\"ListItem\" data-icon=\"&#x24;\">\n\t\t\t\t\t\t\t\t<a class=\"breadcrumb-item dipl-home-page\" href=\"https:\/\/www.roccolobertazzi.it\/en\" property=\"item\" typeof=\"WebPage\" >\n\t\t\t\t\t\t\t\t\t<span class=\"breadcrumb-page\" property=\"name\">Home<\/span>\n\t\t\t\t\t\t\t\t<\/a>\n\t\t\t\t\t\t\t\t<meta property=\"position\" content=\"1\" \/>\n\t\t\t\t\t\t\t<\/li>\n\t\t\t\t<\/ol>\n\t\t\t<\/div>\n\t\t\t\t<\/div>\n\t\t\t<\/div>Conformemente alle disposizioni legali in vigore, il CLIENTE ha diritto di recedere dall\u2019acquisto senza alcuna penalit\u00e0 e senza specificarne il motivo, entro il termine di 14 giorni decorrenti dalla data di ricezione dei prodotti.AZIENDA AGRICOLA IL ROCCOLO DI ANDREA BERTAZZI decide di ampliare suddetto termine da 14 [&hellip;]<\/p>\n","protected":false},"author":1,"featured_media":0,"parent":0,"menu_order":0,"comment_status":"closed","ping_status":"closed","template":"","meta":{"_et_pb_use_builder":"on","_et_pb_old_content":"","_et_gb_content_width":"","footnotes":""},"class_list":["post-100605","page","type-page","status-publish","hentry"],"_links":{"self":[{"href":"https:\/\/www.roccolobertazzi.it\/en\/wp-json\/wp\/v2\/pages\/100605","targetHints":{"allow":["GET"]}}],"collection":[{"href":"https:\/\/www.roccolobertazzi.it\/en\/wp-json\/wp\/v2\/pages"}],"about":[{"href":"https:\/\/www.roccolobertazzi.it\/en\/wp-json\/wp\/v2\/types\/page"}],"author":[{"embeddable":true,"href":"https:\/\/www.roccolobertazzi.it\/en\/wp-json\/wp\/v2\/users\/1"}],"replies":[{"embeddable":true,"href":"https:\/\/www.roccolobertazzi.it\/en\/wp-json\/wp\/v2\/comments?post=100605"}],"version-history":[{"count":4,"href":"https:\/\/www.roccolobertazzi.it\/en\/wp-json\/wp\/v2\/pages\/100605\/revisions"}],"predecessor-version":[{"id":100618,"href":"https:\/\/www.roccolobertazzi.it\/en\/wp-json\/wp\/v2\/pages\/100605\/revisions\/100618"}],"wp:attachment":[{"href":"https:\/\/www.roccolobertazzi.it\/en\/wp-json\/wp\/v2\/media?parent=100605"}],"curies":[{"name":"wp","href":"https:\/\/api.w.org\/{rel}","templated":true}]}}